{"id":1436,"date":"2024-10-04T00:19:12","date_gmt":"2024-10-04T00:19:12","guid":{"rendered":"https:\/\/lcosmeticswong.com\/?page_id=1436"},"modified":"2024-11-27T00:37:53","modified_gmt":"2024-11-27T00:37:53","slug":"marca-blanca","status":"publish","type":"page","link":"https:\/\/lcosmeticswong.com\/en\/marca-blanca\/","title":{"rendered":"Marca Blanca"},"content":{"rendered":"<div class=\"wp-block-stackable-columns alignfull stk-block-columns stk-block stk-c0a2d50 stk-block-background stk--has-background-overlay\" data-block-id=\"c0a2d50\"><style>.stk-c0a2d50 {background-image:url(https:\/\/lcosmeticswong.com\/wp-content\/uploads\/2024\/09\/patron-hojas.png) !important;padding-top:230px !important;padding-bottom:150px !important;margin-bottom:0px !important;}@media screen and (max-width:999px){.stk-c0a2d50 {padding-top:120px !important;padding-bottom:70px !important;}}<\/style><div class=\"stk-row stk-inner-blocks stk-block-content stk-content-align stk-c0a2d50-column\">\n<div class=\"wp-block-stackable-column stk-block-column stk-column stk-block stk-eed4320\" data-v=\"4\" data-block-id=\"eed4320\"><style>.stk-eed4320-container{margin-top:0px !important;margin-right:0px !important;margin-bottom:0px !important;margin-left:0px !important;}<\/style><div class=\"stk-column-wrapper stk-block-column__content stk-container stk-eed4320-container stk--no-background stk--no-padding\"><div class=\"stk-block-content stk-inner-blocks stk-eed4320-inner-blocks\">\n<div class=\"wp-block-stackable-text stk-block-text stk-block stk-53cbe73\" data-block-id=\"53cbe73\"><style>.stk-53cbe73 {margin-bottom:10px !important;}.stk-53cbe73 .stk-block-text__text{font-size:14px !important;color:#173775 !important;font-weight:700 !important;text-transform:uppercase !important;}@media screen and (max-width:999px){.stk-53cbe73 .stk-block-text__text{font-size:14px !important;}}<\/style><p class=\"stk-block-text__text has-text-color has-palette-color-1-color has-text-align-center\">LO QUE HACEMOS<\/p><\/div>\n\n\n\n<div class=\"wp-block-stackable-heading stk-block-heading stk-block-heading--v2 stk-block stk-aaa7c47\" id=\"marca-blanca\" data-block-id=\"aaa7c47\"><style>.stk-aaa7c47 {max-width:700px !important;min-width:auto !important;margin-right:auto !important;margin-left:auto !important;}.stk-aaa7c47 .stk-block-heading__text{font-size:70px !important;color:var(--theme-palette-color-8, #ffffff) !important;line-height:1.2em !important;}@media screen and (max-width:999px){.stk-aaa7c47 .stk-block-heading__text{font-size:35px !important;}}<\/style><h2 class=\"stk-block-heading__text has-text-color has-palette-color-8-color has-text-align-center\">Marca Blanca<\/h2><\/div>\n<\/div><\/div><\/div>\n<\/div><\/div>\n\n\n\n<div class=\"wp-block-stackable-columns stk-block-columns stk-block stk-a3e05ab\" data-block-id=\"a3e05ab\"><style>.stk-a3e05ab {margin-top:25px !important;}<\/style><div class=\"stk-row stk-inner-blocks stk-block-content stk-content-align stk-a3e05ab-column\">\n<div class=\"wp-block-stackable-column stk-block-column stk-column stk-block stk-dd7714a\" data-v=\"4\" data-block-id=\"dd7714a\"><div class=\"stk-column-wrapper stk-block-column__content stk-container stk-dd7714a-container stk--no-background stk--no-padding\"><div class=\"stk-block-content stk-inner-blocks stk-dd7714a-inner-blocks\">\n<div class=\"wp-block-stackable-columns stk-block-columns stk-block stk-9bdafb6\" data-block-id=\"9bdafb6\"><div class=\"stk-row stk-inner-blocks stk-block-content stk-content-align stk-9bdafb6-column\">\n<div class=\"wp-block-stackable-column stk-block-column stk-column stk-block stk-a5d6290\" data-v=\"4\" data-block-id=\"a5d6290\"><style>@media screen and (min-width:690px){.stk-a5d6290 {flex:var(--stk-flex-grow, 1) 1 66.7% !important;}}<\/style><div class=\"stk-column-wrapper stk-block-column__content stk-container stk-a5d6290-container stk--no-background stk--no-padding\"><div class=\"stk-block-content stk-inner-blocks stk-a5d6290-inner-blocks\">\n<figure class=\"wp-block-image size-large\"><img loading=\"lazy\" decoding=\"async\" width=\"683\" height=\"1024\" src=\"https:\/\/lcosmeticswong.com\/wp-content\/uploads\/2024\/11\/toilet-bag-with-products-arrangement-683x1024.jpg\" alt=\"\" class=\"wp-image-1847\" style=\"aspect-ratio:1.7777777777777777;object-fit:cover\" srcset=\"https:\/\/lcosmeticswong.com\/wp-content\/uploads\/2024\/11\/toilet-bag-with-products-arrangement-683x1024.jpg 683w, https:\/\/lcosmeticswong.com\/wp-content\/uploads\/2024\/11\/toilet-bag-with-products-arrangement-200x300.jpg 200w, https:\/\/lcosmeticswong.com\/wp-content\/uploads\/2024\/11\/toilet-bag-with-products-arrangement-768x1152.jpg 768w, https:\/\/lcosmeticswong.com\/wp-content\/uploads\/2024\/11\/toilet-bag-with-products-arrangement-1024x1536.jpg 1024w, https:\/\/lcosmeticswong.com\/wp-content\/uploads\/2024\/11\/toilet-bag-with-products-arrangement-1365x2048.jpg 1365w, https:\/\/lcosmeticswong.com\/wp-content\/uploads\/2024\/11\/toilet-bag-with-products-arrangement-8x12.jpg 8w, https:\/\/lcosmeticswong.com\/wp-content\/uploads\/2024\/11\/toilet-bag-with-products-arrangement-600x900.jpg 600w, https:\/\/lcosmeticswong.com\/wp-content\/uploads\/2024\/11\/toilet-bag-with-products-arrangement-scaled.jpg 1706w\" sizes=\"auto, (max-width: 683px) 100vw, 683px\" \/><\/figure>\n\n\n\n<div class=\"wp-block-stackable-text stk-block-text stk-block stk-636cd36\" data-block-id=\"636cd36\"><style>.stk-636cd36 {max-width:750px !important;min-width:auto !important;}<\/style><p class=\"stk-block-text__text has-text-align-justify\"><br>En Lab &amp; Cosmetics Wong, somos especialistas en servicios de marca blanca, creando productos exclusivos que llevan tu sello personal. Desde el desarrollo hasta la producci\u00f3n, te ofrecemos soluciones personalizadas en cuidado de la piel, cabello, cosm\u00e9ticos de color, fragancias&nbsp;y&nbsp;m\u00e1s.<\/p><\/div>\n\n\n\n<div class=\"wp-block-stackable-button-group stk-block-button-group stk-block stk-3e1f91c\" data-block-id=\"3e1f91c\"><style>.stk-3e1f91c .stk-button-group{flex-direction:row !important;}@media screen and (max-width:999px){.stk-3e1f91c .stk-button-group{flex-direction:row !important;}}@media screen and (max-width:689px){.stk-3e1f91c .stk-button-group{flex-direction:row !important;}}<\/style><div class=\"stk-row stk-inner-blocks stk-block-content stk-button-group\">\n<div class=\"wp-block-stackable-button stk-block-button stk-block stk-d025f93\" data-block-id=\"d025f93\"><style>.stk-d025f93 {margin-top:25px !important;}<\/style><a class=\"stk-link stk-button stk--hover-effect-darken\" href=\"\"><span class=\"stk-button__inner-text\">contactanos<\/span><\/a><\/div>\n<\/div><\/div>\n<\/div><\/div><\/div>\n\n\n\n<div class=\"wp-block-stackable-column stk-block-column stk-column stk-block stk-60615f8\" data-v=\"4\" data-block-id=\"60615f8\"><style>@media screen and (min-width:690px){.stk-60615f8 {flex:var(--stk-flex-grow, 1) 1 33.3% !important;}}<\/style><div class=\"stk-column-wrapper stk-block-column__content stk-container stk-60615f8-container stk--no-background stk--no-padding\"><div class=\"stk-block-content stk-inner-blocks stk-60615f8-inner-blocks\">\n<div class=\"wp-block-stackable-button-group stk-block-button-group stk-block stk-73ad7ce\" data-block-id=\"73ad7ce\"><style>.stk-73ad7ce .stk-button-group{flex-direction:column !important;align-items:stretch !important;}.stk-73ad7ce .stk-block{flex-basis:auto !important;}.stk-73ad7ce .stk-block-button, .stk-73ad7ce .stk-block-icon-button{flex:1 0 0% !important;}@media screen and (max-width:999px){.stk-73ad7ce .stk-button-group{flex-direction:row !important;}}@media screen and (max-width:689px){.stk-73ad7ce .stk-button-group{flex-direction:row !important;}}<\/style><div class=\"stk-row stk-inner-blocks stk-block-content stk-button-group\">\n<div class=\"wp-block-stackable-button stk-block-button stk-block stk-f20810f\" data-block-id=\"f20810f\"><a class=\"stk-link stk-button stk--hover-effect-darken\" href=\"https:\/\/lcosmeticswong.com\/en\/investigacion-y-desarrollo-de-productos\/\"><span class=\"stk-button__inner-text\"><strong>Investigaci\u00f3n y Desarrollo de Productos<\/strong><\/span><\/a><\/div>\n\n\n\n<div class=\"wp-block-stackable-button stk-block-button stk-block stk-db9fdc0\" data-block-id=\"db9fdc0\"><a class=\"stk-link stk-button stk--hover-effect-darken\" href=\"https:\/\/lcosmeticswong.com\/en\/cuidado-de-la-piel\/\"><span class=\"stk-button__inner-text\"><strong>Cuidado de la piel<\/strong><\/span><\/a><\/div>\n\n\n\n<div class=\"wp-block-stackable-button stk-block-button stk-block stk-7555aff\" data-block-id=\"7555aff\"><a class=\"stk-link stk-button stk--hover-effect-darken\" href=\"https:\/\/lcosmeticswong.com\/en\/cuidado-del-cabello\/\"><span class=\"stk-button__inner-text\"><strong>Cuidado del Cabello<\/strong><\/span><\/a><\/div>\n\n\n\n<div class=\"wp-block-stackable-button stk-block-button stk-block stk-a18a042\" data-block-id=\"a18a042\"><a class=\"stk-link stk-button stk--hover-effect-darken\" href=\"https:\/\/lcosmeticswong.com\/en\/cosmeticos-de-color\/\"><span class=\"stk-button__inner-text\"><strong>Cosm\u00e9ticos de Color<\/strong><\/span><\/a><\/div>\n\n\n\n<div class=\"wp-block-stackable-button stk-block-button stk-block stk-5939372\" data-block-id=\"5939372\"><a class=\"stk-link stk-button stk--hover-effect-darken\" href=\"https:\/\/lcosmeticswong.com\/en\/https-fabitelling-lcosmeticswong-com-productos-de-cuidado-personal\/\"><span class=\"stk-button__inner-text\"><strong>Productos de Cuidado Personal<\/strong><\/span><\/a><\/div>\n\n\n\n<div class=\"wp-block-stackable-button stk-block-button stk-block stk-85b0140\" data-block-id=\"85b0140\"><a class=\"stk-link stk-button stk--hover-effect-darken\" href=\"https:\/\/lcosmeticswong.com\/en\/fragancias\/\"><span class=\"stk-button__inner-text\"><strong>Fragancias<\/strong><\/span><\/a><\/div>\n\n\n\n<div class=\"wp-block-stackable-button stk-block-button stk-block stk-44f491a\" data-block-id=\"44f491a\"><style>.stk-44f491a .stk-button{background:var(--theme-palette-color-2, #0693E3) !important;}<\/style><a class=\"stk-link stk-button stk--hover-effect-darken\" href=\"https:\/\/lcosmeticswong.com\/en\/marca-blanca\/\"><span class=\"stk-button__inner-text\"><strong>Marca Blanca<\/strong><\/span><\/a><\/div>\n<\/div><\/div>\n<\/div><\/div><\/div>\n<\/div><\/div>\n<\/div><\/div><\/div>\n<\/div><\/div>","protected":false},"excerpt":{"rendered":"<p>LO QUE HACEMOS Marca Blanca En Lab &amp; Cosmetics Wong, somos especialistas en servicios de marca blanca, creando productos exclusivos que llevan tu sello personal. Desde el desarrollo hasta la producci\u00f3n, te ofrecemos soluciones personalizadas en cuidado de la piel, cabello, cosm\u00e9ticos de color, fragancias&nbsp;y&nbsp;m\u00e1s. contactanos Investigaci\u00f3n y Desarrollo de Productos Cuidado de la piel [&hellip;]<\/p>\n","protected":false},"author":1,"featured_media":0,"parent":0,"menu_order":0,"comment_status":"closed","ping_status":"closed","template":"","meta":{"footnotes":""},"class_list":["post-1436","page","type-page","status-publish","hentry"],"blocksy_meta":{"has_hero_section":"disabled","vertical_spacing_source":"custom","content_area_spacing":"none","styles_descriptor":{"styles":{"desktop":"","tablet":"","mobile":""},"google_fonts":[],"version":6}},"_hostinger_reach_plugin_has_subscription_block":false,"_hostinger_reach_plugin_is_elementor":false,"_links":{"self":[{"href":"https:\/\/lcosmeticswong.com\/en\/wp-json\/wp\/v2\/pages\/1436","targetHints":{"allow":["GET"]}}],"collection":[{"href":"https:\/\/lcosmeticswong.com\/en\/wp-json\/wp\/v2\/pages"}],"about":[{"href":"https:\/\/lcosmeticswong.com\/en\/wp-json\/wp\/v2\/types\/page"}],"author":[{"embeddable":true,"href":"https:\/\/lcosmeticswong.com\/en\/wp-json\/wp\/v2\/users\/1"}],"replies":[{"embeddable":true,"href":"https:\/\/lcosmeticswong.com\/en\/wp-json\/wp\/v2\/comments?post=1436"}],"version-history":[{"count":15,"href":"https:\/\/lcosmeticswong.com\/en\/wp-json\/wp\/v2\/pages\/1436\/revisions"}],"predecessor-version":[{"id":1966,"href":"https:\/\/lcosmeticswong.com\/en\/wp-json\/wp\/v2\/pages\/1436\/revisions\/1966"}],"wp:attachment":[{"href":"https:\/\/lcosmeticswong.com\/en\/wp-json\/wp\/v2\/media?parent=1436"}],"curies":[{"name":"wp","href":"https:\/\/api.w.org\/{rel}","templated":true}]}}