{"id":1426,"date":"2024-10-04T00:16:17","date_gmt":"2024-10-04T00:16:17","guid":{"rendered":"https:\/\/lcosmeticswong.com\/?page_id=1426"},"modified":"2024-11-27T00:36:27","modified_gmt":"2024-11-27T00:36:27","slug":"cuidado-de-la-piel","status":"publish","type":"page","link":"https:\/\/lcosmeticswong.com\/en\/cuidado-de-la-piel\/","title":{"rendered":"Cuidado de la piel"},"content":{"rendered":"<div class=\"wp-block-stackable-columns alignfull stk-block-columns stk-block stk-c0a2d50 stk-block-background stk--has-background-overlay\" data-block-id=\"c0a2d50\"><style>.stk-c0a2d50 {background-image:url(https:\/\/lcosmeticswong.com\/wp-content\/uploads\/2024\/09\/patron-hojas.png) !important;padding-top:230px !important;padding-bottom:150px !important;margin-bottom:0px !important;}@media screen and (max-width:999px){.stk-c0a2d50 {padding-top:120px !important;padding-bottom:70px !important;}}<\/style><div class=\"stk-row stk-inner-blocks stk-block-content stk-content-align stk-c0a2d50-column\">\n<div class=\"wp-block-stackable-column stk-block-column stk-column stk-block stk-eed4320\" data-v=\"4\" data-block-id=\"eed4320\"><style>.stk-eed4320-container{margin-top:0px !important;margin-right:0px !important;margin-bottom:0px !important;margin-left:0px !important;}<\/style><div class=\"stk-column-wrapper stk-block-column__content stk-container stk-eed4320-container stk--no-background stk--no-padding\"><div class=\"stk-block-content stk-inner-blocks stk-eed4320-inner-blocks\">\n<div class=\"wp-block-stackable-text stk-block-text stk-block stk-53cbe73\" data-block-id=\"53cbe73\"><style>.stk-53cbe73 {margin-bottom:10px !important;}.stk-53cbe73 .stk-block-text__text{font-size:14px !important;color:#173775 !important;font-weight:700 !important;text-transform:uppercase !important;}@media screen and (max-width:999px){.stk-53cbe73 .stk-block-text__text{font-size:14px !important;}}<\/style><p class=\"stk-block-text__text has-text-color has-palette-color-1-color has-text-align-center\">LO QUE HACEMOS<\/p><\/div>\n\n\n\n<div class=\"wp-block-stackable-heading stk-block-heading stk-block-heading--v2 stk-block stk-aaa7c47\" id=\"cuidado-de-la-piel\" data-block-id=\"aaa7c47\"><style>.stk-aaa7c47 {max-width:700px !important;min-width:auto !important;margin-right:auto !important;margin-left:auto !important;}.stk-aaa7c47 .stk-block-heading__text{font-size:70px !important;color:var(--theme-palette-color-8, #ffffff) !important;line-height:1.2em !important;}@media screen and (max-width:999px){.stk-aaa7c47 .stk-block-heading__text{font-size:35px !important;}}<\/style><h2 class=\"stk-block-heading__text has-text-color has-palette-color-8-color has-text-align-center\">Cuidado de la piel<\/h2><\/div>\n<\/div><\/div><\/div>\n<\/div><\/div>\n\n\n\n<div class=\"wp-block-stackable-columns stk-block-columns stk-block stk-a3e05ab\" data-block-id=\"a3e05ab\"><style>.stk-a3e05ab {margin-top:25px !important;}<\/style><div class=\"stk-row stk-inner-blocks stk-block-content stk-content-align stk-a3e05ab-column\">\n<div class=\"wp-block-stackable-column stk-block-column stk-column stk-block stk-dd7714a\" data-v=\"4\" data-block-id=\"dd7714a\"><div class=\"stk-column-wrapper stk-block-column__content stk-container stk-dd7714a-container stk--no-background stk--no-padding\"><div class=\"stk-block-content stk-inner-blocks stk-dd7714a-inner-blocks\">\n<div class=\"wp-block-stackable-columns stk-block-columns stk-block stk-9bdafb6\" data-block-id=\"9bdafb6\"><div class=\"stk-row stk-inner-blocks stk-block-content stk-content-align stk-9bdafb6-column\">\n<div class=\"wp-block-stackable-column stk-block-column stk-column stk-block stk-a5d6290\" data-v=\"4\" data-block-id=\"a5d6290\"><style>@media screen and (min-width:690px){.stk-a5d6290 {flex:var(--stk-flex-grow, 1) 1 66.7% !important;}}<\/style><div class=\"stk-column-wrapper stk-block-column__content stk-container stk-a5d6290-container stk--no-background stk--no-padding\"><div class=\"stk-block-content stk-inner-blocks stk-a5d6290-inner-blocks\">\n<div class=\"wp-block-stackable-image stk-block-image stk-block stk-16ddcbd\" data-block-id=\"16ddcbd\"><style>.stk-16ddcbd .stk-img-wrapper{aspect-ratio:16\/9 !important;height:auto !important;}.stk-16ddcbd .stk-img-wrapper img{object-position:62% 16% !important;}@media screen and (max-width:999px){.stk-16ddcbd .stk-img-wrapper{height:auto !important;}}@media screen and (max-width:689px){.stk-16ddcbd .stk-img-wrapper{height:auto !important;}}<\/style><figure><span class=\"stk-img-wrapper stk-image--shape-stretch\"><img loading=\"lazy\" decoding=\"async\" class=\"stk-img wp-image-1406\" src=\"https:\/\/lcosmeticswong.com\/wp-content\/uploads\/2024\/10\/woman-applying-cream-mirror-683x1024.jpg\" width=\"683\" height=\"1024\" srcset=\"https:\/\/lcosmeticswong.com\/wp-content\/uploads\/2024\/10\/woman-applying-cream-mirror-683x1024.jpg 683w, https:\/\/lcosmeticswong.com\/wp-content\/uploads\/2024\/10\/woman-applying-cream-mirror-200x300.jpg 200w, https:\/\/lcosmeticswong.com\/wp-content\/uploads\/2024\/10\/woman-applying-cream-mirror-768x1152.jpg 768w, https:\/\/lcosmeticswong.com\/wp-content\/uploads\/2024\/10\/woman-applying-cream-mirror-1024x1536.jpg 1024w, https:\/\/lcosmeticswong.com\/wp-content\/uploads\/2024\/10\/woman-applying-cream-mirror-1365x2048.jpg 1365w, https:\/\/lcosmeticswong.com\/wp-content\/uploads\/2024\/10\/woman-applying-cream-mirror-8x12.jpg 8w, https:\/\/lcosmeticswong.com\/wp-content\/uploads\/2024\/10\/woman-applying-cream-mirror-600x900.jpg 600w, https:\/\/lcosmeticswong.com\/wp-content\/uploads\/2024\/10\/woman-applying-cream-mirror-scaled.jpg 1707w\" sizes=\"auto, (max-width: 683px) 100vw, 683px\" \/><\/span><\/figure><\/div>\n\n\n\n<div class=\"wp-block-stackable-icon-list stk-block-icon-list stk-block stk-159f4c6\" data-block-id=\"159f4c6\"><svg style=\"display:none\"><defs><g id=\"stk-icon-list__icon-svg-def-159f4c6\"><svg xmlns=\"http:\/\/www.w3.org\/2000\/svg\" viewbox=\"0 0 190 190\"><polygon points=\"173.8,28.4 60.4,141.8 15.7,97.2 5.1,107.8 60.4,163 184.4,39 173.8,28.4\"\/><\/svg><\/g><\/defs><\/svg><ul class=\"stk-block-icon-list__ul stk-block-icon-list--column\">\n<li class=\"wp-block-stackable-icon-list-item stk-block-icon-list-item stk-block stk-cfe30c9\" data-block-id=\"cfe30c9\"><div class=\"stk-block-icon-list-item__content\"><span class=\"stk--svg-wrapper\"><div class=\"stk--inner-svg\"><svg aria-hidden=\"true\" width=\"32\" height=\"32\"><use xlink:href=\"#stk-icon-list__icon-svg-def-159f4c6\"><\/use><\/svg><\/div><\/span><span class=\"stk-block-icon-list-item__text\">Productos para limpieza, tonificaci\u00f3n, hidrataci\u00f3n, firmeza y cuidado personalizado (ser\u00fams y mascarillas).<\/span><\/div><\/li>\n\n\n\n<li class=\"wp-block-stackable-icon-list-item stk-block-icon-list-item stk-block stk-496e824\" data-block-id=\"496e824\"><div class=\"stk-block-icon-list-item__content\"><span class=\"stk--svg-wrapper\"><div class=\"stk--inner-svg\"><svg aria-hidden=\"true\" width=\"32\" height=\"32\"><use xlink:href=\"#stk-icon-list__icon-svg-def-159f4c6\"><\/use><\/svg><\/div><\/span><span class=\"stk-block-icon-list-item__text\">Cremas blanqueadoras, exfoliantes.<\/span><\/div><\/li>\n\n\n\n<li class=\"wp-block-stackable-icon-list-item stk-block-icon-list-item stk-block stk-746fb5f\" data-block-id=\"746fb5f\"><div class=\"stk-block-icon-list-item__content\"><span class=\"stk--svg-wrapper\"><div class=\"stk--inner-svg\"><svg aria-hidden=\"true\" width=\"32\" height=\"32\"><use xlink:href=\"#stk-icon-list__icon-svg-def-159f4c6\"><\/use><\/svg><\/div><\/span><span class=\"stk-block-icon-list-item__text\">Cremas de manos, pies y codos.<\/span><\/div><\/li>\n\n\n\n<li class=\"wp-block-stackable-icon-list-item stk-block-icon-list-item stk-block stk-f77800d\" data-block-id=\"f77800d\"><div class=\"stk-block-icon-list-item__content\"><span class=\"stk--svg-wrapper\"><div class=\"stk--inner-svg\"><svg aria-hidden=\"true\" width=\"32\" height=\"32\"><use xlink:href=\"#stk-icon-list__icon-svg-def-159f4c6\"><\/use><\/svg><\/div><\/span><span class=\"stk-block-icon-list-item__text\">Cremas antiedad y reafirmantes.<\/span><\/div><\/li>\n\n\n\n<li class=\"wp-block-stackable-icon-list-item stk-block-icon-list-item stk-block stk-17806b8\" data-block-id=\"17806b8\"><div class=\"stk-block-icon-list-item__content\"><span class=\"stk--svg-wrapper\"><div class=\"stk--inner-svg\"><svg aria-hidden=\"true\" width=\"32\" height=\"32\"><use xlink:href=\"#stk-icon-list__icon-svg-def-159f4c6\"><\/use><\/svg><\/div><\/span><span class=\"stk-block-icon-list-item__text\">Jab\u00f3n l\u00edquido exfoliante.<\/span><\/div><\/li>\n\n\n\n<li class=\"wp-block-stackable-icon-list-item stk-block-icon-list-item stk-block stk-de4f95b\" data-block-id=\"de4f95b\"><div class=\"stk-block-icon-list-item__content\"><span class=\"stk--svg-wrapper\"><div class=\"stk--inner-svg\"><svg aria-hidden=\"true\" width=\"32\" height=\"32\"><use xlink:href=\"#stk-icon-list__icon-svg-def-159f4c6\"><\/use><\/svg><\/div><\/span><span class=\"stk-block-icon-list-item__text\">Fotoprotectores (incluyendo productos para pieles delicadas como la de los beb\u00e9s).<\/span><\/div><\/li>\n\n\n\n<li class=\"wp-block-stackable-icon-list-item stk-block-icon-list-item stk-block stk-fafb98d\" data-block-id=\"fafb98d\"><div class=\"stk-block-icon-list-item__content\"><span class=\"stk--svg-wrapper\"><div class=\"stk--inner-svg\"><svg aria-hidden=\"true\" width=\"32\" height=\"32\"><use xlink:href=\"#stk-icon-list__icon-svg-def-159f4c6\"><\/use><\/svg><\/div><\/span><span class=\"stk-block-icon-list-item__text\">Repelente en crema, loci\u00f3n.<\/span><\/div><\/li>\n<\/ul><\/div>\n\n\n\n<div class=\"wp-block-stackable-button-group stk-block-button-group stk-block stk-3e1f91c\" data-block-id=\"3e1f91c\"><style>.stk-3e1f91c .stk-button-group{flex-direction:row !important;}@media screen and (max-width:999px){.stk-3e1f91c .stk-button-group{flex-direction:row !important;}}@media screen and (max-width:689px){.stk-3e1f91c .stk-button-group{flex-direction:row !important;}}<\/style><div class=\"stk-row stk-inner-blocks stk-block-content stk-button-group\">\n<div class=\"wp-block-stackable-button stk-block-button stk-block stk-d025f93\" data-block-id=\"d025f93\"><a class=\"stk-link stk-button stk--hover-effect-darken\" href=\"\"><span class=\"stk-button__inner-text\">contactanos<\/span><\/a><\/div>\n<\/div><\/div>\n<\/div><\/div><\/div>\n\n\n\n<div class=\"wp-block-stackable-column stk-block-column stk-column stk-block stk-60615f8\" data-v=\"4\" data-block-id=\"60615f8\"><style>@media screen and (min-width:690px){.stk-60615f8 {flex:var(--stk-flex-grow, 1) 1 33.3% !important;}}<\/style><div class=\"stk-column-wrapper stk-block-column__content stk-container stk-60615f8-container stk--no-background stk--no-padding\"><div class=\"stk-block-content stk-inner-blocks stk-60615f8-inner-blocks\">\n<div class=\"wp-block-stackable-button-group stk-block-button-group stk-block stk-73ad7ce\" data-block-id=\"73ad7ce\"><style>.stk-73ad7ce .stk-button-group{flex-direction:column !important;align-items:stretch !important;}.stk-73ad7ce .stk-block{flex-basis:auto !important;}.stk-73ad7ce .stk-block-button, .stk-73ad7ce .stk-block-icon-button{flex:1 0 0% !important;}@media screen and (max-width:999px){.stk-73ad7ce .stk-button-group{flex-direction:row !important;}}@media screen and (max-width:689px){.stk-73ad7ce .stk-button-group{flex-direction:row !important;}}<\/style><div class=\"stk-row stk-inner-blocks stk-block-content stk-button-group\">\n<div class=\"wp-block-stackable-button stk-block-button stk-block stk-f20810f\" data-block-id=\"f20810f\"><a class=\"stk-link stk-button stk--hover-effect-darken\" href=\"https:\/\/lcosmeticswong.com\/en\/investigacion-y-desarrollo-de-productos\/\"><span class=\"stk-button__inner-text\"><strong>Investigaci\u00f3n y Desarrollo de Productos<\/strong><\/span><\/a><\/div>\n\n\n\n<div class=\"wp-block-stackable-button stk-block-button stk-block stk-db9fdc0\" data-block-id=\"db9fdc0\"><style>.stk-db9fdc0 .stk-button{background:var(--theme-palette-color-2, #0693E3) !important;}<\/style><a class=\"stk-link stk-button stk--hover-effect-darken\" href=\"https:\/\/lcosmeticswong.com\/en\/cuidado-de-la-piel\/\"><span class=\"stk-button__inner-text\"><strong>Cuidado de la piel<\/strong><\/span><\/a><\/div>\n\n\n\n<div class=\"wp-block-stackable-button stk-block-button stk-block stk-7555aff\" data-block-id=\"7555aff\"><a class=\"stk-link stk-button stk--hover-effect-darken\" href=\"https:\/\/lcosmeticswong.com\/en\/cuidado-del-cabello\/\"><span class=\"stk-button__inner-text\"><strong>Cuidado del Cabello<\/strong><\/span><\/a><\/div>\n\n\n\n<div class=\"wp-block-stackable-button stk-block-button stk-block stk-a18a042\" data-block-id=\"a18a042\"><a class=\"stk-link stk-button stk--hover-effect-darken\" href=\"https:\/\/lcosmeticswong.com\/en\/cosmeticos-de-color\/\"><span class=\"stk-button__inner-text\"><strong>Cosm\u00e9ticos de Color<\/strong><\/span><\/a><\/div>\n\n\n\n<div class=\"wp-block-stackable-button stk-block-button stk-block stk-5939372\" data-block-id=\"5939372\"><a class=\"stk-link stk-button stk--hover-effect-darken\" href=\"https:\/\/lcosmeticswong.com\/en\/https-fabitelling-lcosmeticswong-com-productos-de-cuidado-personal\/\"><span class=\"stk-button__inner-text\"><strong>Productos de Cuidado Personal<\/strong><\/span><\/a><\/div>\n\n\n\n<div class=\"wp-block-stackable-button stk-block-button stk-block stk-85b0140\" data-block-id=\"85b0140\"><a class=\"stk-link stk-button stk--hover-effect-darken\" href=\"https:\/\/lcosmeticswong.com\/en\/fragancias\/\"><span class=\"stk-button__inner-text\"><strong>Fragancias<\/strong><\/span><\/a><\/div>\n\n\n\n<div class=\"wp-block-stackable-button stk-block-button stk-block stk-44f491a\" data-block-id=\"44f491a\"><a class=\"stk-link stk-button stk--hover-effect-darken\" href=\"https:\/\/lcosmeticswong.com\/en\/marca-blanca\/\"><span class=\"stk-button__inner-text\"><strong>Marca Blanca<\/strong><\/span><\/a><\/div>\n<\/div><\/div>\n<\/div><\/div><\/div>\n<\/div><\/div>\n<\/div><\/div><\/div>\n<\/div><\/div>","protected":false},"excerpt":{"rendered":"<p>LO QUE HACEMOS Cuidado de la piel contactanos Investigaci\u00f3n y Desarrollo de Productos Cuidado de la piel Cuidado del Cabello Cosm\u00e9ticos de Color Productos de Cuidado Personal Fragancias Marca Blanca<\/p>","protected":false},"author":1,"featured_media":0,"parent":0,"menu_order":0,"comment_status":"closed","ping_status":"closed","template":"","meta":{"footnotes":""},"class_list":["post-1426","page","type-page","status-publish","hentry"],"blocksy_meta":{"vertical_spacing_source":"custom","content_area_spacing":"none","has_hero_section":"disabled","styles_descriptor":{"styles":{"desktop":"","tablet":"","mobile":""},"google_fonts":[],"version":6}},"_hostinger_reach_plugin_has_subscription_block":false,"_hostinger_reach_plugin_is_elementor":false,"_links":{"self":[{"href":"https:\/\/lcosmeticswong.com\/en\/wp-json\/wp\/v2\/pages\/1426","targetHints":{"allow":["GET"]}}],"collection":[{"href":"https:\/\/lcosmeticswong.com\/en\/wp-json\/wp\/v2\/pages"}],"about":[{"href":"https:\/\/lcosmeticswong.com\/en\/wp-json\/wp\/v2\/types\/page"}],"author":[{"embeddable":true,"href":"https:\/\/lcosmeticswong.com\/en\/wp-json\/wp\/v2\/users\/1"}],"replies":[{"embeddable":true,"href":"https:\/\/lcosmeticswong.com\/en\/wp-json\/wp\/v2\/comments?post=1426"}],"version-history":[{"count":18,"href":"https:\/\/lcosmeticswong.com\/en\/wp-json\/wp\/v2\/pages\/1426\/revisions"}],"predecessor-version":[{"id":1961,"href":"https:\/\/lcosmeticswong.com\/en\/wp-json\/wp\/v2\/pages\/1426\/revisions\/1961"}],"wp:attachment":[{"href":"https:\/\/lcosmeticswong.com\/en\/wp-json\/wp\/v2\/media?parent=1426"}],"curies":[{"name":"wp","href":"https:\/\/api.w.org\/{rel}","templated":true}]}}