{"id":1293,"date":"2024-10-02T21:46:59","date_gmt":"2024-10-02T21:46:59","guid":{"rendered":"https:\/\/lcosmeticswong.com\/?page_id=1293"},"modified":"2024-11-27T00:36:00","modified_gmt":"2024-11-27T00:36:00","slug":"conformidad","status":"publish","type":"page","link":"https:\/\/lcosmeticswong.com\/en\/conformidad\/","title":{"rendered":"Compliance"},"content":{"rendered":"<div class=\"wp-block-stackable-columns alignfull stk-block-columns stk-block stk-c0a2d50 stk-block-background stk--has-background-overlay\" data-block-id=\"c0a2d50\"><style>.stk-c0a2d50 {background-image:url(https:\/\/lcosmeticswong.com\/wp-content\/uploads\/2024\/09\/patron-hojas.png) !important;padding-top:230px !important;padding-bottom:150px !important;margin-bottom:0px !important;}@media screen and (max-width:999px){.stk-c0a2d50 {padding-top:120px !important;padding-bottom:70px !important;}}<\/style><div class=\"stk-row stk-inner-blocks stk-block-content stk-content-align stk-c0a2d50-column\">\n<div class=\"wp-block-stackable-column stk-block-column stk-column stk-block stk-eed4320\" data-v=\"4\" data-block-id=\"eed4320\"><style>.stk-eed4320-container{margin-top:0px !important;margin-right:0px !important;margin-bottom:0px !important;margin-left:0px !important;}<\/style><div class=\"stk-column-wrapper stk-block-column__content stk-container stk-eed4320-container stk--no-background stk--no-padding\"><div class=\"stk-block-content stk-inner-blocks stk-eed4320-inner-blocks\">\n<div class=\"wp-block-stackable-heading stk-block-heading stk-block-heading--v2 stk-block stk-aaa7c47\" id=\"compliance\" data-block-id=\"aaa7c47\"><style>.stk-aaa7c47 {max-width:700px !important;min-width:auto !important;margin-right:auto !important;margin-left:auto !important;}.stk-aaa7c47 .stk-block-heading__text{font-size:65px !important;color:var(--theme-palette-color-8, #ffffff) !important;line-height:1.2em !important;}@media screen and (max-width:999px){.stk-aaa7c47 .stk-block-heading__text{font-size:35px !important;}}<\/style><h2 class=\"stk-block-heading__text has-text-color has-palette-color-8-color has-text-align-center\">Compliance<\/h2><\/div>\n<\/div><\/div><\/div>\n<\/div><\/div>\n\n\n\n<div class=\"wp-block-stackable-spacer stk-block-spacer stk--no-padding stk-block stk-6bc89df\" data-block-id=\"6bc89df\"><\/div>\n\n\n\n<div class=\"wp-block-stackable-heading stk-block-heading stk-block-heading--v2 stk-block stk-1537819\" id=\"strong-compromiso-con-el-cumplimiento-y-la-calidad-en-lab-amp-cosmetics-wong-strong\" data-block-id=\"1537819\"><style>.stk-1537819 {max-width:1097px !important;min-width:auto !important;margin-top:24px !important;margin-right:auto !important;margin-left:auto !important;}<\/style><h2 class=\"stk-block-heading__text\"><strong>Compromiso con el Cumplimiento y la Calidad en Lab &amp; Cosmetics Wong<\/strong><\/h2><\/div>\n\n\n\n<div class=\"wp-block-stackable-columns stk-block-columns stk-block stk-5c88cd5\" data-block-id=\"5c88cd5\"><style>.stk-5c88cd5 .stk--block-align-5c88cd5{align-items:center !important;}.stk-5c88cd5-column{justify-content:space-around !important;}<\/style><div class=\"stk-row stk-inner-blocks stk--block-align-5c88cd5 stk-block-content stk-content-align stk-5c88cd5-column stk--flex\">\n<div class=\"wp-block-stackable-column stk-block-column stk-column stk-block stk-8c82330\" data-v=\"4\" data-block-id=\"8c82330\"><div class=\"stk-column-wrapper stk-block-column__content stk-container stk-8c82330-container stk--no-background stk--no-padding\"><div class=\"stk-block-content stk-inner-blocks stk-8c82330-inner-blocks\">\n<figure class=\"wp-block-image size-large is-resized\"><img loading=\"lazy\" decoding=\"async\" width=\"1024\" height=\"683\" src=\"https:\/\/lcosmeticswong.com\/wp-content\/uploads\/2024\/10\/pharmaceutical-factory-workers-1024x683.jpg\" alt=\"\" class=\"wp-image-1250\" style=\"object-fit:cover;width:650px;height:350px\" srcset=\"https:\/\/lcosmeticswong.com\/wp-content\/uploads\/2024\/10\/pharmaceutical-factory-workers-1024x683.jpg 1024w, https:\/\/lcosmeticswong.com\/wp-content\/uploads\/2024\/10\/pharmaceutical-factory-workers-300x200.jpg 300w, https:\/\/lcosmeticswong.com\/wp-content\/uploads\/2024\/10\/pharmaceutical-factory-workers-768x512.jpg 768w, https:\/\/lcosmeticswong.com\/wp-content\/uploads\/2024\/10\/pharmaceutical-factory-workers-1536x1024.jpg 1536w, https:\/\/lcosmeticswong.com\/wp-content\/uploads\/2024\/10\/pharmaceutical-factory-workers-2048x1365.jpg 2048w, https:\/\/lcosmeticswong.com\/wp-content\/uploads\/2024\/10\/pharmaceutical-factory-workers-18x12.jpg 18w, https:\/\/lcosmeticswong.com\/wp-content\/uploads\/2024\/10\/pharmaceutical-factory-workers-600x400.jpg 600w\" sizes=\"auto, (max-width: 1024px) 100vw, 1024px\" \/><\/figure>\n\n\n\n<div class=\"wp-block-stackable-text stk-block-text stk-block stk-75f5142\" data-block-id=\"75f5142\"><style>.stk-75f5142 {max-width:643px !important;min-width:auto !important;margin-top:25px !important;}<\/style><p class=\"stk-block-text__text has-text-align-justify\">La excelencia es el eje de nuestro compromiso. En Lab &amp; Cosmetics Wong, operamos bajo los m\u00e1s altos est\u00e1ndares de calidad, con una planta certificada y supervisada por la Direcci\u00f3n General de Medicamentos, Insumos y Drogas (DIGEMID) y alineada con las Buenas Pr\u00e1cticas de Manufactura (BPM). Cada paso de nuestro proceso de producci\u00f3n est\u00e1 cuidadosamente dise\u00f1ado para garantizar la seguridad y eficacia de nuestros productos, ofreciendo un control de calidad integral que incluye:<\/p><\/div>\n\n\n\n<div class=\"wp-block-stackable-icon-list stk-block-icon-list stk-block stk-0d8f368\" data-block-id=\"0d8f368\"><svg style=\"display:none\"><defs><g id=\"stk-icon-list__icon-svg-def-0d8f368\"><svg xmlns=\"http:\/\/www.w3.org\/2000\/svg\" viewbox=\"0 0 190 190\"><polygon points=\"173.8,28.4 60.4,141.8 15.7,97.2 5.1,107.8 60.4,163 184.4,39 173.8,28.4\"\/><\/svg><\/g><\/defs><\/svg><ul class=\"stk-block-icon-list__ul stk-block-icon-list--column\">\n<li class=\"wp-block-stackable-icon-list-item stk-block-icon-list-item stk-block stk-e895a6d\" data-block-id=\"e895a6d\"><div class=\"stk-block-icon-list-item__content\"><span class=\"stk--svg-wrapper\"><div class=\"stk--inner-svg\"><svg aria-hidden=\"true\" width=\"32\" height=\"32\"><use xlink:href=\"#stk-icon-list__icon-svg-def-0d8f368\"><\/use><\/svg><\/div><\/span><span class=\"stk-block-icon-list-item__text\">An\u00e1lisis qu\u00edmico y bacteriol\u00f3gico exhaustivo de los insumos.<\/span><\/div><\/li>\n\n\n\n<li class=\"wp-block-stackable-icon-list-item stk-block-icon-list-item stk-block stk-1a4e054\" data-block-id=\"1a4e054\"><div class=\"stk-block-icon-list-item__content\"><span class=\"stk--svg-wrapper\"><div class=\"stk--inner-svg\"><svg aria-hidden=\"true\" width=\"32\" height=\"32\"><use xlink:href=\"#stk-icon-list__icon-svg-def-0d8f368\"><\/use><\/svg><\/div><\/span><span class=\"stk-block-icon-list-item__text\">Pruebas microbiol\u00f3gicas completas antes de liberar cada lote.<\/span><\/div><\/li>\n\n\n\n<li class=\"wp-block-stackable-icon-list-item stk-block-icon-list-item stk-block stk-aedb7d9\" data-block-id=\"aedb7d9\"><div class=\"stk-block-icon-list-item__content\"><span class=\"stk--svg-wrapper\"><div class=\"stk--inner-svg\"><svg aria-hidden=\"true\" width=\"32\" height=\"32\"><use xlink:href=\"#stk-icon-list__icon-svg-def-0d8f368\"><\/use><\/svg><\/div><\/span><span class=\"stk-block-icon-list-item__text\">Muestreo regular en todas las l\u00edneas de producci\u00f3n.<\/span><\/div><\/li>\n\n\n\n<li class=\"wp-block-stackable-icon-list-item stk-block-icon-list-item stk-block stk-daec0ca\" data-block-id=\"daec0ca\"><div class=\"stk-block-icon-list-item__content\"><span class=\"stk--svg-wrapper\"><div class=\"stk--inner-svg\"><svg aria-hidden=\"true\" width=\"32\" height=\"32\"><use xlink:href=\"#stk-icon-list__icon-svg-def-0d8f368\"><\/use><\/svg><\/div><\/span><span class=\"stk-block-icon-list-item__text\">Auditor\u00edas continuas realizadas por terceros y clientes de prestigio.<\/span><\/div><\/li>\n<\/ul><\/div>\n\n\n\n<div class=\"wp-block-stackable-text stk-block-text stk-block stk-9c3a95e\" data-block-id=\"9c3a95e\"><style>.stk-9c3a95e {max-width:643px !important;min-width:auto !important;margin-top:25px !important;}<\/style><p class=\"stk-block-text__text has-text-align-justify\">Con un equipo capacitado en metodolog\u00edas avanzadas, implementamos pruebas HPLC estructuradas, adem\u00e1s de rigurosos controles de estabilidad y qu\u00edmica h\u00fameda, todo respaldado por nuestros <strong>Procedimientos Operativos Estandarizados (SOPs)<\/strong> que abarcan desde las instalaciones hasta el empaque final. Contamos con un laboratorio interno de microbiolog\u00eda y an\u00e1lisis, equipado con tecnolog\u00eda de vanguardia y operado por un equipo especializado en la materia.<br><br>Nos enorgullece que cada etapa del proceso est\u00e9 acompa\u00f1ada por una s\u00f3lida capacitaci\u00f3n de nuestro personal, brindada por expertos internos en cada \u00e1rea, lo que garantiza una operaci\u00f3n r\u00e1pida, eficiente y alineada a los m\u00e1s altos est\u00e1ndares.<br><br>En Lab &amp; Cosmetics Wong, nos comprometemos a que cada producto alcance el nivel de calidad y confianza que nuestros clientes merecen.<\/p><\/div>\n\n\n\n<div class=\"wp-block-stackable-button-group stk-block-button-group stk-block stk-09c3624\" data-block-id=\"09c3624\"><style>.stk-09c3624 .stk-button-group{flex-direction:row !important;}@media screen and (max-width:999px){.stk-09c3624 .stk-button-group{flex-direction:row !important;}}@media screen and (max-width:689px){.stk-09c3624 .stk-button-group{flex-direction:row !important;}}<\/style><div class=\"stk-row stk-inner-blocks stk-block-content stk-button-group\">\n<div class=\"wp-block-stackable-button stk-block-button stk-block stk-b69bb9d\" data-block-id=\"b69bb9d\"><a class=\"stk-link stk-button stk--hover-effect-darken\" href=\"https:\/\/lcosmeticswong.com\/en\/contact\/\"><span class=\"stk-button__inner-text\">Contactanos!<\/span><\/a><\/div>\n<\/div><\/div>\n<\/div><\/div><\/div>\n\n\n\n<div class=\"wp-block-stackable-column stk-block-column stk-column stk-block stk-ff821d7\" data-v=\"4\" data-block-id=\"ff821d7\"><style>.stk-ff821d7 {align-self:flex-start !important;}.stk-ff821d7-container{padding-top:0px !important;padding-right:0px !important;padding-bottom:0px !important;padding-left:0px !important;}<\/style><div class=\"stk-column-wrapper stk-block-column__content stk-container stk-ff821d7-container stk--no-background stk--no-padding\"><div class=\"stk-block-content stk-inner-blocks stk-ff821d7-inner-blocks\">\n<div class=\"wp-block-stackable-button-group stk-block-button-group stk-block stk-1d00f43\" data-block-id=\"1d00f43\"><style>.stk-1d00f43 .stk-button-group{flex-direction:column !important;align-items:stretch !important;}.stk-1d00f43 .stk-block{flex-basis:auto !important;}.stk-1d00f43 .stk-block-button, .stk-1d00f43 .stk-block-icon-button{flex:1 0 0% !important;}@media screen and (max-width:999px){.stk-1d00f43 .stk-button-group{flex-direction:row !important;}}@media screen and (max-width:689px){.stk-1d00f43 .stk-button-group{flex-direction:row !important;}}<\/style><div class=\"stk-row stk-inner-blocks stk-block-content stk-button-group\">\n<div class=\"wp-block-stackable-button stk-block-button stk-block stk-f174792\" data-block-id=\"f174792\"><style>.stk-f174792 {min-height:0px !important;}<\/style><a class=\"stk-link stk-button stk--hover-effect-darken\" href=\"https:\/\/lcosmeticswong.com\/en\/nuestras-instalaciones\/\"><span class=\"stk-button__inner-text\">Nuestras instalaciones<\/span><\/a><\/div>\n\n\n\n<div class=\"wp-block-stackable-button stk-block-button stk-block stk-42f2da5\" data-block-id=\"42f2da5\"><style>.stk-42f2da5 {min-height:0px !important;}<\/style><a class=\"stk-link stk-button stk--hover-effect-darken\" href=\"https:\/\/lcosmeticswong.com\/en\/fabricacion-por-contrato\/\"><span class=\"stk-button__inner-text\">Fabricaci\u00f3n por contrato<\/span><\/a><\/div>\n\n\n\n<div class=\"wp-block-stackable-button stk-block-button stk-block stk-72b6250\" data-block-id=\"72b6250\"><style>.stk-72b6250 {min-height:0px !important;}.stk-72b6250 .stk-button{background:var(--theme-palette-color-2, #0693E3) !important;}<\/style><a class=\"stk-link stk-button stk--hover-effect-darken\" href=\"https:\/\/lcosmeticswong.com\/en\/conformidad\/\"><span class=\"stk-button__inner-text\">Compliance<\/span><\/a><\/div>\n\n\n\n<div class=\"wp-block-stackable-button stk-block-button stk-block stk-2d809e1\" data-block-id=\"2d809e1\"><style>.stk-2d809e1 {min-height:0px !important;}<\/style><a class=\"stk-link stk-button stk--hover-effect-darken\" href=\"https:\/\/lcosmeticswong.com\/en\/prensa-y-medios-de-comunicacion\/\"><span class=\"stk-button__inner-text\">Prensa y medios de comunicaci\u00f3n<\/span><\/a><\/div>\n<\/div><\/div>\n<\/div><\/div><\/div>\n<\/div><\/div>","protected":false},"excerpt":{"rendered":"<p>Compliance Compromiso con el Cumplimiento y la Calidad en Lab &amp; Cosmetics Wong La excelencia es el eje de nuestro compromiso. En Lab &amp; Cosmetics Wong, operamos bajo los m\u00e1s altos est\u00e1ndares de calidad, con una planta certificada y supervisada por la Direcci\u00f3n General de Medicamentos, Insumos y Drogas (DIGEMID) y alineada con las Buenas [&hellip;]<\/p>\n","protected":false},"author":1,"featured_media":0,"parent":0,"menu_order":0,"comment_status":"closed","ping_status":"closed","template":"","meta":{"footnotes":""},"class_list":["post-1293","page","type-page","status-publish","hentry"],"blocksy_meta":{"has_hero_section":"disabled","vertical_spacing_source":"custom","content_area_spacing":"none","styles_descriptor":{"styles":{"desktop":"","tablet":"","mobile":""},"google_fonts":[],"version":6}},"_hostinger_reach_plugin_has_subscription_block":false,"_hostinger_reach_plugin_is_elementor":false,"_links":{"self":[{"href":"https:\/\/lcosmeticswong.com\/en\/wp-json\/wp\/v2\/pages\/1293","targetHints":{"allow":["GET"]}}],"collection":[{"href":"https:\/\/lcosmeticswong.com\/en\/wp-json\/wp\/v2\/pages"}],"about":[{"href":"https:\/\/lcosmeticswong.com\/en\/wp-json\/wp\/v2\/types\/page"}],"author":[{"embeddable":true,"href":"https:\/\/lcosmeticswong.com\/en\/wp-json\/wp\/v2\/users\/1"}],"replies":[{"embeddable":true,"href":"https:\/\/lcosmeticswong.com\/en\/wp-json\/wp\/v2\/comments?post=1293"}],"version-history":[{"count":10,"href":"https:\/\/lcosmeticswong.com\/en\/wp-json\/wp\/v2\/pages\/1293\/revisions"}],"predecessor-version":[{"id":1960,"href":"https:\/\/lcosmeticswong.com\/en\/wp-json\/wp\/v2\/pages\/1293\/revisions\/1960"}],"wp:attachment":[{"href":"https:\/\/lcosmeticswong.com\/en\/wp-json\/wp\/v2\/media?parent=1293"}],"curies":[{"name":"wp","href":"https:\/\/api.w.org\/{rel}","templated":true}]}}