{"id":1288,"date":"2024-10-02T21:45:45","date_gmt":"2024-10-02T21:45:45","guid":{"rendered":"https:\/\/lcosmeticswong.com\/?page_id=1288"},"modified":"2024-11-27T00:18:58","modified_gmt":"2024-11-27T00:18:58","slug":"fabricacion-por-contrato","status":"publish","type":"page","link":"https:\/\/lcosmeticswong.com\/en\/fabricacion-por-contrato\/","title":{"rendered":"Fabricaci\u00f3n por contrato"},"content":{"rendered":"<div class=\"wp-block-stackable-columns alignfull stk-block-columns stk-block stk-c0a2d50 stk-block-background stk--has-background-overlay\" data-block-id=\"c0a2d50\"><style>.stk-c0a2d50 {background-image:url(https:\/\/lcosmeticswong.com\/wp-content\/uploads\/2024\/09\/patron-hojas.png) !important;padding-top:230px !important;padding-bottom:150px !important;margin-bottom:0px !important;}@media screen and (max-width:999px){.stk-c0a2d50 {padding-top:120px !important;padding-bottom:70px !important;}}<\/style><div class=\"stk-row stk-inner-blocks stk-block-content stk-content-align stk-c0a2d50-column\">\n<div class=\"wp-block-stackable-column stk-block-column stk-column stk-block stk-eed4320\" data-v=\"4\" data-block-id=\"eed4320\"><style>.stk-eed4320-container{margin-top:0px !important;margin-right:0px !important;margin-bottom:0px !important;margin-left:0px !important;}<\/style><div class=\"stk-column-wrapper stk-block-column__content stk-container stk-eed4320-container stk--no-background stk--no-padding\"><div class=\"stk-block-content stk-inner-blocks stk-eed4320-inner-blocks\">\n<div class=\"wp-block-stackable-text stk-block-text stk-block stk-53cbe73\" data-block-id=\"53cbe73\"><style>.stk-53cbe73 {margin-bottom:10px !important;}.stk-53cbe73 .stk-block-text__text{font-size:14px !important;color:#173775 !important;font-weight:700 !important;text-transform:uppercase !important;}@media screen and (max-width:999px){.stk-53cbe73 .stk-block-text__text{font-size:14px !important;}}<\/style><p class=\"stk-block-text__text has-text-color has-palette-color-1-color has-text-align-center\">lo que hacemos<\/p><\/div>\n\n\n\n<div class=\"wp-block-stackable-heading stk-block-heading stk-block-heading--v2 stk-block stk-aaa7c47\" id=\"fabricacion-por-contrato\" data-block-id=\"aaa7c47\"><style>.stk-aaa7c47 {max-width:700px !important;min-width:auto !important;margin-right:auto !important;margin-left:auto !important;}.stk-aaa7c47 .stk-block-heading__text{font-size:65px !important;color:var(--theme-palette-color-8, #ffffff) !important;line-height:1.2em !important;}@media screen and (max-width:999px){.stk-aaa7c47 .stk-block-heading__text{font-size:35px !important;}}<\/style><h2 class=\"stk-block-heading__text has-text-color has-palette-color-8-color has-text-align-center\">Fabricaci\u00f3n por contrato<\/h2><\/div>\n<\/div><\/div><\/div>\n<\/div><\/div>\n\n\n\n<div class=\"wp-block-stackable-spacer stk-block-spacer stk--no-padding stk-block stk-48929c0\" data-block-id=\"48929c0\"><\/div>\n\n\n\n<div class=\"wp-block-stackable-heading stk-block-heading stk-block-heading--v2 stk-block stk-1537819\" id=\"strong-transformando-tus-ideas-en-productos-excepcionales-que-destacan-en-el-mercado-strong\" data-block-id=\"1537819\"><style>.stk-1537819 {max-width:1097px !important;min-width:auto !important;margin-top:24px !important;margin-right:auto !important;margin-left:auto !important;}<\/style><h2 class=\"stk-block-heading__text\">\u201c<strong>Transformando tus ideas en productos excepcionales que destacan en el mercado<\/strong>\u201d<\/h2><\/div>\n\n\n\n<div class=\"wp-block-stackable-columns stk-block-columns stk-block stk-5c88cd5\" data-block-id=\"5c88cd5\"><style>.stk-5c88cd5 .stk--block-align-5c88cd5{align-items:center !important;}.stk-5c88cd5-column{justify-content:space-around !important;}<\/style><div class=\"stk-row stk-inner-blocks stk--block-align-5c88cd5 stk-block-content stk-content-align stk-5c88cd5-column stk--flex\">\n<div class=\"wp-block-stackable-column stk-block-column stk-column stk-block stk-8c82330\" data-v=\"4\" data-block-id=\"8c82330\"><div class=\"stk-column-wrapper stk-block-column__content stk-container stk-8c82330-container stk--no-background stk--no-padding\"><div class=\"stk-block-content stk-inner-blocks stk-8c82330-inner-blocks\">\n<figure class=\"wp-block-image size-large is-resized\"><img loading=\"lazy\" decoding=\"async\" width=\"1024\" height=\"683\" src=\"https:\/\/lcosmeticswong.com\/wp-content\/uploads\/2024\/10\/transparent-plastic-bottles-filled-with-yellow-substance-1-1024x683.jpg\" alt=\"\" class=\"wp-image-1309\" style=\"object-fit:cover;width:650px;height:350px\" srcset=\"https:\/\/lcosmeticswong.com\/wp-content\/uploads\/2024\/10\/transparent-plastic-bottles-filled-with-yellow-substance-1-1024x683.jpg 1024w, https:\/\/lcosmeticswong.com\/wp-content\/uploads\/2024\/10\/transparent-plastic-bottles-filled-with-yellow-substance-1-300x200.jpg 300w, https:\/\/lcosmeticswong.com\/wp-content\/uploads\/2024\/10\/transparent-plastic-bottles-filled-with-yellow-substance-1-768x512.jpg 768w, https:\/\/lcosmeticswong.com\/wp-content\/uploads\/2024\/10\/transparent-plastic-bottles-filled-with-yellow-substance-1-1536x1024.jpg 1536w, https:\/\/lcosmeticswong.com\/wp-content\/uploads\/2024\/10\/transparent-plastic-bottles-filled-with-yellow-substance-1-2048x1365.jpg 2048w, https:\/\/lcosmeticswong.com\/wp-content\/uploads\/2024\/10\/transparent-plastic-bottles-filled-with-yellow-substance-1-18x12.jpg 18w, https:\/\/lcosmeticswong.com\/wp-content\/uploads\/2024\/10\/transparent-plastic-bottles-filled-with-yellow-substance-1-600x400.jpg 600w\" sizes=\"auto, (max-width: 1024px) 100vw, 1024px\" \/><\/figure>\n\n\n\n<div class=\"wp-block-stackable-text stk-block-text stk-block stk-75f5142\" data-block-id=\"75f5142\"><style>.stk-75f5142 {max-width:643px !important;min-width:auto !important;margin-top:25px !important;}<\/style><p class=\"stk-block-text__text has-text-align-justify\">En Lab &amp; Cosmetics Wong, creemos en el poder de tus ideas y en nuestra capacidad para llevarlas a la realidad. Con nuestra experiencia en fabricaci\u00f3n por contrato, nos ocupamos de cada paso del proceso, desde la formulaci\u00f3n hasta el producto final, brind\u00e1ndote un servicio completo y sin complicaciones. Nuestro compromiso es ofrecerte soluciones efectivas y personalizadas, permiti\u00e9ndote centrarte en el crecimiento de tu marca mientras nosotros cuidamos de la calidad y excelencia en la producci\u00f3n.<\/p><\/div>\n\n\n\n<div class=\"wp-block-stackable-text stk-block-text stk-block stk-9ac0335\" data-block-id=\"9ac0335\"><style>.stk-9ac0335 {max-width:643px !important;min-width:auto !important;margin-top:25px !important;}<\/style><p class=\"stk-block-text__text has-text-align-justify\">Conf\u00eda en que cada detalle cuenta y que con nosotros, tu visi\u00f3n llegar\u00e1 tan lejos como lo imaginas.<\/p><\/div>\n\n\n\n<div class=\"wp-block-stackable-button-group stk-block-button-group stk-block stk-09c3624\" data-block-id=\"09c3624\"><style>.stk-09c3624 .stk-button-group{flex-direction:row !important;}@media screen and (max-width:999px){.stk-09c3624 .stk-button-group{flex-direction:row !important;}}@media screen and (max-width:689px){.stk-09c3624 .stk-button-group{flex-direction:row !important;}}<\/style><div class=\"stk-row stk-inner-blocks stk-block-content stk-button-group\">\n<div class=\"wp-block-stackable-button stk-block-button stk-block stk-b69bb9d\" data-block-id=\"b69bb9d\"><a class=\"stk-link stk-button stk--hover-effect-darken\" href=\"https:\/\/lcosmeticswong.com\/en\/contact\/\"><span class=\"stk-button__inner-text\">Contactanos!<\/span><\/a><\/div>\n<\/div><\/div>\n<\/div><\/div><\/div>\n\n\n\n<div class=\"wp-block-stackable-column stk-block-column stk-column stk-block stk-ff821d7\" data-v=\"4\" data-block-id=\"ff821d7\"><style>.stk-ff821d7 {align-self:flex-start !important;}.stk-ff821d7-container{padding-top:0px !important;padding-right:0px !important;padding-bottom:0px !important;padding-left:0px !important;}<\/style><div class=\"stk-column-wrapper stk-block-column__content stk-container stk-ff821d7-container stk--no-background stk--no-padding\"><div class=\"stk-block-content stk-inner-blocks stk-ff821d7-inner-blocks\">\n<div class=\"wp-block-stackable-button-group stk-block-button-group stk-block stk-1d00f43\" data-block-id=\"1d00f43\"><style>.stk-1d00f43 .stk-button-group{flex-direction:column !important;align-items:stretch !important;}.stk-1d00f43 .stk-block{flex-basis:auto !important;}.stk-1d00f43 .stk-block-button, .stk-1d00f43 .stk-block-icon-button{flex:1 0 0% !important;}@media screen and (max-width:999px){.stk-1d00f43 .stk-button-group{flex-direction:row !important;}}@media screen and (max-width:689px){.stk-1d00f43 .stk-button-group{flex-direction:row !important;}}<\/style><div class=\"stk-row stk-inner-blocks stk-block-content stk-button-group\">\n<div class=\"wp-block-stackable-button stk-block-button stk-block stk-f174792\" data-block-id=\"f174792\"><style>.stk-f174792 {min-height:0px !important;}<\/style><a class=\"stk-link stk-button stk--hover-effect-darken\" href=\"https:\/\/lcosmeticswong.com\/en\/nuestras-instalaciones\/\"><span class=\"stk-button__inner-text\">Nuestras instalaciones<\/span><\/a><\/div>\n\n\n\n<div class=\"wp-block-stackable-button stk-block-button stk-block stk-42f2da5\" data-block-id=\"42f2da5\"><style>.stk-42f2da5 {min-height:0px !important;}.stk-42f2da5 .stk-button{background:var(--theme-palette-color-2, #0693E3) !important;}<\/style><a class=\"stk-link stk-button stk--hover-effect-darken\" href=\"https:\/\/lcosmeticswong.com\/en\/fabricacion-por-contrato\/\"><span class=\"stk-button__inner-text\">Fabricaci\u00f3n por contrato<\/span><\/a><\/div>\n\n\n\n<div class=\"wp-block-stackable-button stk-block-button stk-block stk-72b6250\" data-block-id=\"72b6250\"><style>.stk-72b6250 {min-height:0px !important;}<\/style><a class=\"stk-link stk-button stk--hover-effect-darken\" href=\"https:\/\/lcosmeticswong.com\/en\/conformidad\/\"><span class=\"stk-button__inner-text\">Conformidad<\/span><\/a><\/div>\n\n\n\n<div class=\"wp-block-stackable-button stk-block-button stk-block stk-2d809e1\" data-block-id=\"2d809e1\"><style>.stk-2d809e1 {min-height:0px !important;}<\/style><a class=\"stk-link stk-button stk--hover-effect-darken\" href=\"https:\/\/lcosmeticswong.com\/en\/prensa-y-medios-de-comunicacion\/\"><span class=\"stk-button__inner-text\">Prensa y medios de comunicaci\u00f3n<\/span><\/a><\/div>\n<\/div><\/div>\n<\/div><\/div><\/div>\n<\/div><\/div>","protected":false},"excerpt":{"rendered":"<p>lo que hacemos Fabricaci\u00f3n por contrato \u201cTransformando tus ideas en productos excepcionales que destacan en el mercado\u201d En Lab &amp; Cosmetics Wong, creemos en el poder de tus ideas y en nuestra capacidad para llevarlas a la realidad. Con nuestra experiencia en fabricaci\u00f3n por contrato, nos ocupamos de cada paso del proceso, desde la formulaci\u00f3n [&hellip;]<\/p>\n","protected":false},"author":1,"featured_media":0,"parent":0,"menu_order":0,"comment_status":"closed","ping_status":"closed","template":"","meta":{"footnotes":""},"class_list":["post-1288","page","type-page","status-publish","hentry"],"blocksy_meta":{"has_hero_section":"disabled","styles_descriptor":{"styles":{"desktop":"","tablet":"","mobile":""},"google_fonts":[],"version":6},"vertical_spacing_source":"custom","content_area_spacing":"none"},"_hostinger_reach_plugin_has_subscription_block":false,"_hostinger_reach_plugin_is_elementor":false,"_links":{"self":[{"href":"https:\/\/lcosmeticswong.com\/en\/wp-json\/wp\/v2\/pages\/1288","targetHints":{"allow":["GET"]}}],"collection":[{"href":"https:\/\/lcosmeticswong.com\/en\/wp-json\/wp\/v2\/pages"}],"about":[{"href":"https:\/\/lcosmeticswong.com\/en\/wp-json\/wp\/v2\/types\/page"}],"author":[{"embeddable":true,"href":"https:\/\/lcosmeticswong.com\/en\/wp-json\/wp\/v2\/users\/1"}],"replies":[{"embeddable":true,"href":"https:\/\/lcosmeticswong.com\/en\/wp-json\/wp\/v2\/comments?post=1288"}],"version-history":[{"count":11,"href":"https:\/\/lcosmeticswong.com\/en\/wp-json\/wp\/v2\/pages\/1288\/revisions"}],"predecessor-version":[{"id":1941,"href":"https:\/\/lcosmeticswong.com\/en\/wp-json\/wp\/v2\/pages\/1288\/revisions\/1941"}],"wp:attachment":[{"href":"https:\/\/lcosmeticswong.com\/en\/wp-json\/wp\/v2\/media?parent=1288"}],"curies":[{"name":"wp","href":"https:\/\/api.w.org\/{rel}","templated":true}]}}